{"id":16,"date":"2021-03-07T19:08:16","date_gmt":"2021-03-07T19:08:16","guid":{"rendered":"http:\/\/xn--hklet-sra.dk\/?page_id=16"},"modified":"2025-10-30T11:58:14","modified_gmt":"2025-10-30T11:58:14","slug":"paaskepynt","status":"publish","type":"page","link":"https:\/\/xn--hklet-sra.dk\/index.php\/paaskepynt\/","title":{"rendered":"P\u00e5skepynt"},"content":{"rendered":"\n<p>H\u00e6k:let &#8211; Fordi alle fortjener noget hjemmelavet. <\/p>\n\n\n\n<figure class=\"wp-block-gallery has-nested-images columns-default is-cropped wp-block-gallery-1 is-layout-flex wp-block-gallery-is-layout-flex\">\n<figure class=\"wp-block-image size-large\"><img loading=\"lazy\" decoding=\"async\" width=\"768\" height=\"1024\" data-id=\"156\" src=\"https:\/\/xn--hklet-sra.dk\/wp-content\/uploads\/2021\/03\/IMG_8611-768x1024.jpg\" alt=\"P\u00e5ske\u00e6g\" class=\"wp-image-156\" srcset=\"https:\/\/xn--hklet-sra.dk\/wp-content\/uploads\/2021\/03\/IMG_8611-768x1024.jpg 768w, https:\/\/xn--hklet-sra.dk\/wp-content\/uploads\/2021\/03\/IMG_8611-225x300.jpg 225w, https:\/\/xn--hklet-sra.dk\/wp-content\/uploads\/2021\/03\/IMG_8611-1152x1536.jpg 1152w, https:\/\/xn--hklet-sra.dk\/wp-content\/uploads\/2021\/03\/IMG_8611-1536x2048.jpg 1536w, https:\/\/xn--hklet-sra.dk\/wp-content\/uploads\/2021\/03\/IMG_8611-scaled.jpg 1920w\" sizes=\"auto, (max-width: 768px) 100vw, 768px\" \/><figcaption class=\"wp-element-caption\">P\u00e5ske\u00e6g<\/figcaption><\/figure>\n\n\n\n<figure class=\"wp-block-image size-large\"><img loading=\"lazy\" decoding=\"async\" width=\"818\" height=\"1024\" data-id=\"158\" src=\"https:\/\/xn--hklet-sra.dk\/wp-content\/uploads\/2021\/03\/IMG_8689-818x1024.jpg\" alt=\"P\u00e5ske\u00e6g\" class=\"wp-image-158\" srcset=\"https:\/\/xn--hklet-sra.dk\/wp-content\/uploads\/2021\/03\/IMG_8689-818x1024.jpg 818w, https:\/\/xn--hklet-sra.dk\/wp-content\/uploads\/2021\/03\/IMG_8689-240x300.jpg 240w, https:\/\/xn--hklet-sra.dk\/wp-content\/uploads\/2021\/03\/IMG_8689-768x961.jpg 768w, https:\/\/xn--hklet-sra.dk\/wp-content\/uploads\/2021\/03\/IMG_8689.jpg 1125w\" sizes=\"auto, (max-width: 818px) 100vw, 818px\" \/><figcaption class=\"wp-element-caption\">P\u00e5ske\u00e6g<\/figcaption><\/figure>\n\n\n\n<figure class=\"wp-block-image size-large\"><img loading=\"lazy\" decoding=\"async\" width=\"931\" height=\"1024\" data-id=\"125\" src=\"https:\/\/xn--hklet-sra.dk\/wp-content\/uploads\/2021\/03\/IMG_8445-931x1024.jpg\" alt=\"P\u00e5ske\u00e6g\" class=\"wp-image-125\" srcset=\"https:\/\/xn--hklet-sra.dk\/wp-content\/uploads\/2021\/03\/IMG_8445-931x1024.jpg 931w, https:\/\/xn--hklet-sra.dk\/wp-content\/uploads\/2021\/03\/IMG_8445-273x300.jpg 273w, https:\/\/xn--hklet-sra.dk\/wp-content\/uploads\/2021\/03\/IMG_8445-768x845.jpg 768w, https:\/\/xn--hklet-sra.dk\/wp-content\/uploads\/2021\/03\/IMG_8445.jpg 1053w\" sizes=\"auto, (max-width: 931px) 100vw, 931px\" \/><figcaption class=\"wp-element-caption\">P\u00e5ske\u00e6g<\/figcaption><\/figure>\n<\/figure>\n\n\n\n<p>Lavet af: <em>H\u00e6k:let<\/em> &#8211; Instagram: <a href=\"https:\/\/www.instagram.com\/haek.let\/\">haek.let.<\/a><\/p>\n\n\n\n<h2 class=\"wp-block-heading\">Beskrivelse &#8211; H\u00e6klede p\u00e5ske\u00e6g<\/h2>\n\n\n\n<p>P\u00e5sken er en gl\u00e6delig tid &#8211; for\u00e5ret er p\u00e5 vej og de friske p\u00e5skefarver pynter s\u00e5 fint i hjemmet, og minder om os sommerens komme.<\/p>\n\n\n\n<p>Der er intet mere hyggeligt end hjemmelavet p\u00e5skepynt, s\u00e5 selvf\u00f8lgelig m\u00e5tte jeg pr\u00f8ve kr\u00e6fter med at lave mit eget hjemmelavede p\u00e5skepynt.  <\/p>\n\n\n\n<p>Jeg har designet disse h\u00e6klede p\u00e5ske\u00e6g med forskellige m\u00f8nstre og farver. <\/p>\n\n\n\n<p>Normalvis har jeg ikke gjort s\u00e6rlig meget i at pynte op til p\u00e5ske, men efter jeg er begyndt at h\u00e6kle p\u00e5skepynt til hjemmet har jeg f\u00e5et en fornyet lyst til at pynte op herhjemme, n\u00e5r p\u00e5sken n\u00e6rmer sig. <\/p>\n\n\n\n<p>Du kan opskriften p\u00e5 de 4 p\u00e5ske\u00e6g, s\u00e5 du kan lave dem selv. <a href=\"http:\/\/xn--hklet-sra.dk\/index.php\/haeklede-opskrifter\/\">KLIK HER<\/a> for at downloade PDF-fil med opskrifterne.<\/p>\n\n\n\n<figure class=\"wp-block-gallery has-nested-images columns-default is-cropped wp-block-gallery-2 is-layout-flex wp-block-gallery-is-layout-flex\">\n<figure class=\"wp-block-image size-large\"><img loading=\"lazy\" decoding=\"async\" width=\"768\" height=\"1024\" data-id=\"155\" src=\"https:\/\/xn--hklet-sra.dk\/wp-content\/uploads\/2021\/03\/IMG_8605-768x1024.jpg\" alt=\"P\u00e5ske\u00e6g\" class=\"wp-image-155\" srcset=\"https:\/\/xn--hklet-sra.dk\/wp-content\/uploads\/2021\/03\/IMG_8605-768x1024.jpg 768w, https:\/\/xn--hklet-sra.dk\/wp-content\/uploads\/2021\/03\/IMG_8605-225x300.jpg 225w, https:\/\/xn--hklet-sra.dk\/wp-content\/uploads\/2021\/03\/IMG_8605-1152x1536.jpg 1152w, https:\/\/xn--hklet-sra.dk\/wp-content\/uploads\/2021\/03\/IMG_8605-1536x2048.jpg 1536w, https:\/\/xn--hklet-sra.dk\/wp-content\/uploads\/2021\/03\/IMG_8605-scaled.jpg 1920w\" sizes=\"auto, (max-width: 768px) 100vw, 768px\" \/><figcaption class=\"wp-element-caption\">P\u00e5ske\u00e6g<\/figcaption><\/figure>\n\n\n\n<figure class=\"wp-block-image size-large\"><img loading=\"lazy\" decoding=\"async\" width=\"831\" height=\"1024\" data-id=\"157\" src=\"https:\/\/xn--hklet-sra.dk\/wp-content\/uploads\/2021\/03\/IMG_8688-831x1024.jpg\" alt=\"P\u00e5ske\u00e6g\" class=\"wp-image-157\" srcset=\"https:\/\/xn--hklet-sra.dk\/wp-content\/uploads\/2021\/03\/IMG_8688-831x1024.jpg 831w, https:\/\/xn--hklet-sra.dk\/wp-content\/uploads\/2021\/03\/IMG_8688-243x300.jpg 243w, https:\/\/xn--hklet-sra.dk\/wp-content\/uploads\/2021\/03\/IMG_8688-768x946.jpg 768w, https:\/\/xn--hklet-sra.dk\/wp-content\/uploads\/2021\/03\/IMG_8688.jpg 1094w\" sizes=\"auto, (max-width: 831px) 100vw, 831px\" \/><figcaption class=\"wp-element-caption\">P\u00e5ske\u00e6g<\/figcaption><\/figure>\n<\/figure>\n\n\n\n<p class=\"has-text-align-center\"><em><strong>H\u00e6kling<\/strong>&nbsp;er en traditionel m\u00e5de at fremstille&nbsp;tekstiler&nbsp;p\u00e5. H\u00e6kling er en metode til at f\u00e5 et stykke garn til at l\u00e5se sine egne&nbsp;l\u00f8kker, ved hj\u00e6lp af en h\u00e6klen\u00e5l, s\u00e5 der dannes et stykke stof.&nbsp;<\/em><\/p>\n\n\n\n<p>&#8212;&#8212;&#8212;&#8212;&#8212;&#8212;&#8212;&#8212;&#8212;&#8212;&#8212;&#8212;&#8212;&#8212;&#8212;&#8212;&#8212;&#8212;&#8212;&#8212;&#8212;&#8212;&#8212;&#8212;&#8212;&#8212;&#8212;&#8212;&#8212;&#8212;&#8212;<\/p>\n\n\n\n<p><strong>Hvorfor v\u00e6lge \u00f8kologisk bomuldsgarn?<\/strong> I dag er der rigtig mange butikker og webshop som tilbyder \u00f8kologisk garn. Alt fra \u00d8kologisk bomuldsgarn til \u00f8kologisk uldgarn. Men hvad betyder det at garnet er \u00f8kologisk og hvorfor skal man k\u00f8be det. \u00d8kologisk garn betyder, at fibrene er fremstillet uden brug af kemiske midler og der er ikke er brugt pesticider og kemisk g\u00f8dning.<br>N\u00e5r garn fibrene stammer fra et dyr, betyder det dyret er fodret med \u00f8kologisk foder og avles efter \u00f8kologiske standarder. Det betyder at merinof\u00e5r har f\u00e5et lov til at gr\u00e6sse naturligt i frie omgivelser. Dyr som avles til dette form\u00e5l, lever ogs\u00e5 under bedre forhold. Vil du vide mere <a href=\"https:\/\/2b1.dk\/derfor-boer-du-bruge-oekologisk-garn\/\" target=\"_blank\" rel=\"noreferrer noopener\">KLIK HER<\/a>. <\/p>\n\n\n\n<p><strong>\u00d8kologisk garn. <\/strong>Der er en del der mener, at det er bedre for menneskesundheden, at der ikke er kemikalier i bomuld. Der er ogs\u00e5 unders\u00f8gelser der peger imod, at \u00f8kologisk bomuld kan f\u00f8re til mindre allergi. \u00d8kologisk garn og is\u00e6r bomuld har en tendens til at v\u00e6re bl\u00f8dere en almindelig garn med pesticider og kemikalier. <\/p>\n\n\n\n<p>&#8212;&#8212;&#8212;&#8212;&#8212;&#8212;&#8212;&#8212;&#8212;&#8212;&#8212;&#8212;&#8212;&#8212;&#8212;&#8212;&#8212;&#8212;&#8212;&#8212;&#8212;&#8212;&#8212;&#8212;&#8212;&#8212;&#8212;&#8212;&#8212;&#8212;&#8212;<\/p>\n\n\n\n<p>Zpaghetti Garn <a href=\"http:\/\/xn--hklet-sra.dk\/index.php\/spaghettigarn\/\" target=\"_blank\" rel=\"noreferrer noopener\">KLIK HER<\/a><br>H\u00e6klet Suttesnore <a href=\"http:\/\/xn--hklet-sra.dk\/index.php\/suttesnor\/\" target=\"_blank\" rel=\"noreferrer noopener\">KLIK HER<\/a><br>H\u00e6klet Bideringe <a href=\"http:\/\/xn--hklet-sra.dk\/index.php\/bidering\/\" target=\"_blank\" rel=\"noreferrer noopener\">KLIK HER<\/a><br>H\u00e6klet Br\u00f8dkurv <a href=\"http:\/\/xn--hklet-sra.dk\/index.php\/haeklet-broedkurv\/\" target=\"_blank\" rel=\"noreferrer noopener\">KLIK HER<\/a><br>H\u00e6klet Babysv\u00f8b <a href=\"http:\/\/xn--hklet-sra.dk\/index.php\/babysvoeb\/\" target=\"_blank\" rel=\"noreferrer noopener\">KLIK HER<\/a><br>Kvalitets Garn fra Hobbii <a href=\"https:\/\/hobbygarn.dk\/\" target=\"_blank\" rel=\"noreferrer noopener\">KLIK HER<\/a><br>Kvalitets Garn fra S\u00f8strene Grene <a href=\"https:\/\/sostrenegrene.com\/da\/produkter\/garn-og-handarbejde\" target=\"_blank\" rel=\"noreferrer noopener\">KLIK HER<\/a><br>H\u00e5ndlavede malerier og oneliners <strong>bymunkskov<\/strong> <a href=\"http:\/\/bymunkskov.dk\/\">KLIK HER<\/a><br><\/p>\n","protected":false},"excerpt":{"rendered":"<p>H\u00e6k:let &#8211; Fordi alle fortjener noget hjemmelavet. Lavet af: H\u00e6k:let &#8211; Instagram: haek.let. Beskrivelse &#8211; H\u00e6klede p\u00e5ske\u00e6g P\u00e5sken er en gl\u00e6delig tid &#8211; for\u00e5ret er p\u00e5 vej og de friske p\u00e5skefarver pynter s\u00e5 fint i hjemmet, og minder om os sommerens komme. Der er intet mere hyggeligt end hjemmelavet p\u00e5skepynt, s\u00e5 selvf\u00f8lgelig m\u00e5tte jeg pr\u00f8ve &hellip; <a href=\"https:\/\/xn--hklet-sra.dk\/index.php\/paaskepynt\/\" class=\"more-link\">L\u00e6s mere <span class=\"screen-reader-text\">P\u00e5skepynt<\/span><\/a><\/p>\n","protected":false},"author":1,"featured_media":0,"parent":0,"menu_order":0,"comment_status":"closed","ping_status":"closed","template":"","meta":{"footnotes":""},"class_list":["post-16","page","type-page","status-publish","hentry"],"yoast_head":"<!-- This site is optimized with the Yoast SEO plugin v20.3 - https:\/\/yoast.com\/wordpress\/plugins\/seo\/ -->\n<title>P\u00e5skepynt - H\u00e6klet<\/title>\n<meta name=\"robots\" content=\"index, follow, max-snippet:-1, max-image-preview:large, max-video-preview:-1\" \/>\n<link rel=\"canonical\" href=\"https:\/\/xn--hklet-sra.dk\/index.php\/paaskepynt\/\" \/>\n<meta property=\"og:locale\" content=\"da_DK\" \/>\n<meta property=\"og:type\" content=\"article\" \/>\n<meta property=\"og:title\" content=\"P\u00e5skepynt - H\u00e6klet\" \/>\n<meta property=\"og:description\" content=\"H\u00e6k:let &#8211; Fordi alle fortjener noget hjemmelavet. Lavet af: H\u00e6k:let &#8211; Instagram: haek.let. Beskrivelse &#8211; H\u00e6klede p\u00e5ske\u00e6g P\u00e5sken er en gl\u00e6delig tid &#8211; for\u00e5ret er p\u00e5 vej og de friske p\u00e5skefarver pynter s\u00e5 fint i hjemmet, og minder om os sommerens komme. Der er intet mere hyggeligt end hjemmelavet p\u00e5skepynt, s\u00e5 selvf\u00f8lgelig m\u00e5tte jeg pr\u00f8ve &hellip; L\u00e6s mere P\u00e5skepynt\" \/>\n<meta property=\"og:url\" content=\"https:\/\/xn--hklet-sra.dk\/index.php\/paaskepynt\/\" \/>\n<meta property=\"og:site_name\" content=\"H\u00e6klet\" \/>\n<meta property=\"article:modified_time\" content=\"2025-10-30T11:58:14+00:00\" \/>\n<meta property=\"og:image\" content=\"https:\/\/xn--hklet-sra.dk\/wp-content\/uploads\/2021\/03\/IMG_8611-768x1024.jpg\" \/>\n<meta name=\"twitter:card\" content=\"summary_large_image\" \/>\n<meta name=\"twitter:label1\" content=\"Estimeret l\u00e6setid\" \/>\n\t<meta name=\"twitter:data1\" content=\"4 minutter\" \/>\n<script type=\"application\/ld+json\" class=\"yoast-schema-graph\">{\"@context\":\"https:\/\/schema.org\",\"@graph\":[{\"@type\":\"WebPage\",\"@id\":\"https:\/\/xn--hklet-sra.dk\/index.php\/paaskepynt\/\",\"url\":\"https:\/\/xn--hklet-sra.dk\/index.php\/paaskepynt\/\",\"name\":\"P\u00e5skepynt - H\u00e6klet\",\"isPartOf\":{\"@id\":\"https:\/\/xn--hklet-sra.dk\/#website\"},\"datePublished\":\"2021-03-07T19:08:16+00:00\",\"dateModified\":\"2025-10-30T11:58:14+00:00\",\"breadcrumb\":{\"@id\":\"https:\/\/xn--hklet-sra.dk\/index.php\/paaskepynt\/#breadcrumb\"},\"inLanguage\":\"da-DK\",\"potentialAction\":[{\"@type\":\"ReadAction\",\"target\":[\"https:\/\/xn--hklet-sra.dk\/index.php\/paaskepynt\/\"]}]},{\"@type\":\"BreadcrumbList\",\"@id\":\"https:\/\/xn--hklet-sra.dk\/index.php\/paaskepynt\/#breadcrumb\",\"itemListElement\":[{\"@type\":\"ListItem\",\"position\":1,\"name\":\"Hjem\",\"item\":\"https:\/\/xn--hklet-sra.dk\/\"},{\"@type\":\"ListItem\",\"position\":2,\"name\":\"P\u00e5skepynt\"}]},{\"@type\":\"WebSite\",\"@id\":\"https:\/\/xn--hklet-sra.dk\/#website\",\"url\":\"https:\/\/xn--hklet-sra.dk\/\",\"name\":\"H\u00e6klet\",\"description\":\"Velkommen til mit h\u00e6kleunivers\",\"potentialAction\":[{\"@type\":\"SearchAction\",\"target\":{\"@type\":\"EntryPoint\",\"urlTemplate\":\"https:\/\/xn--hklet-sra.dk\/?s={search_term_string}\"},\"query-input\":\"required name=search_term_string\"}],\"inLanguage\":\"da-DK\"}]}<\/script>\n<!-- \/ Yoast SEO plugin. -->","yoast_head_json":{"title":"P\u00e5skepynt - H\u00e6klet","robots":{"index":"index","follow":"follow","max-snippet":"max-snippet:-1","max-image-preview":"max-image-preview:large","max-video-preview":"max-video-preview:-1"},"canonical":"https:\/\/xn--hklet-sra.dk\/index.php\/paaskepynt\/","og_locale":"da_DK","og_type":"article","og_title":"P\u00e5skepynt - H\u00e6klet","og_description":"H\u00e6k:let &#8211; Fordi alle fortjener noget hjemmelavet. Lavet af: H\u00e6k:let &#8211; Instagram: haek.let. Beskrivelse &#8211; H\u00e6klede p\u00e5ske\u00e6g P\u00e5sken er en gl\u00e6delig tid &#8211; for\u00e5ret er p\u00e5 vej og de friske p\u00e5skefarver pynter s\u00e5 fint i hjemmet, og minder om os sommerens komme. Der er intet mere hyggeligt end hjemmelavet p\u00e5skepynt, s\u00e5 selvf\u00f8lgelig m\u00e5tte jeg pr\u00f8ve &hellip; L\u00e6s mere P\u00e5skepynt","og_url":"https:\/\/xn--hklet-sra.dk\/index.php\/paaskepynt\/","og_site_name":"H\u00e6klet","article_modified_time":"2025-10-30T11:58:14+00:00","og_image":[{"url":"https:\/\/xn--hklet-sra.dk\/wp-content\/uploads\/2021\/03\/IMG_8611-768x1024.jpg"}],"twitter_card":"summary_large_image","twitter_misc":{"Estimeret l\u00e6setid":"4 minutter"},"schema":{"@context":"https:\/\/schema.org","@graph":[{"@type":"WebPage","@id":"https:\/\/xn--hklet-sra.dk\/index.php\/paaskepynt\/","url":"https:\/\/xn--hklet-sra.dk\/index.php\/paaskepynt\/","name":"P\u00e5skepynt - H\u00e6klet","isPartOf":{"@id":"https:\/\/xn--hklet-sra.dk\/#website"},"datePublished":"2021-03-07T19:08:16+00:00","dateModified":"2025-10-30T11:58:14+00:00","breadcrumb":{"@id":"https:\/\/xn--hklet-sra.dk\/index.php\/paaskepynt\/#breadcrumb"},"inLanguage":"da-DK","potentialAction":[{"@type":"ReadAction","target":["https:\/\/xn--hklet-sra.dk\/index.php\/paaskepynt\/"]}]},{"@type":"BreadcrumbList","@id":"https:\/\/xn--hklet-sra.dk\/index.php\/paaskepynt\/#breadcrumb","itemListElement":[{"@type":"ListItem","position":1,"name":"Hjem","item":"https:\/\/xn--hklet-sra.dk\/"},{"@type":"ListItem","position":2,"name":"P\u00e5skepynt"}]},{"@type":"WebSite","@id":"https:\/\/xn--hklet-sra.dk\/#website","url":"https:\/\/xn--hklet-sra.dk\/","name":"H\u00e6klet","description":"Velkommen til mit h\u00e6kleunivers","potentialAction":[{"@type":"SearchAction","target":{"@type":"EntryPoint","urlTemplate":"https:\/\/xn--hklet-sra.dk\/?s={search_term_string}"},"query-input":"required name=search_term_string"}],"inLanguage":"da-DK"}]}},"_links":{"self":[{"href":"https:\/\/xn--hklet-sra.dk\/index.php\/wp-json\/wp\/v2\/pages\/16","targetHints":{"allow":["GET"]}}],"collection":[{"href":"https:\/\/xn--hklet-sra.dk\/index.php\/wp-json\/wp\/v2\/pages"}],"about":[{"href":"https:\/\/xn--hklet-sra.dk\/index.php\/wp-json\/wp\/v2\/types\/page"}],"author":[{"embeddable":true,"href":"https:\/\/xn--hklet-sra.dk\/index.php\/wp-json\/wp\/v2\/users\/1"}],"replies":[{"embeddable":true,"href":"https:\/\/xn--hklet-sra.dk\/index.php\/wp-json\/wp\/v2\/comments?post=16"}],"version-history":[{"count":20,"href":"https:\/\/xn--hklet-sra.dk\/index.php\/wp-json\/wp\/v2\/pages\/16\/revisions"}],"predecessor-version":[{"id":684,"href":"https:\/\/xn--hklet-sra.dk\/index.php\/wp-json\/wp\/v2\/pages\/16\/revisions\/684"}],"wp:attachment":[{"href":"https:\/\/xn--hklet-sra.dk\/index.php\/wp-json\/wp\/v2\/media?parent=16"}],"curies":[{"name":"wp","href":"https:\/\/api.w.org\/{rel}","templated":true}]}}